{"id":3484,"date":"2025-06-11T04:33:35","date_gmt":"2025-06-11T14:33:35","guid":{"rendered":"https:\/\/parelodge.com\/?page_id=3484"},"modified":"2025-06-11T04:33:35","modified_gmt":"2025-06-11T14:33:35","slug":"le-jardin-de-pare-lodge","status":"publish","type":"page","link":"https:\/\/parelodge.com\/en\/le-jardin-de-pare-lodge\/","title":{"rendered":"THE PARE LODGE GARDEN"},"content":{"rendered":"<p>[et_pb_section fb_built=\u00a0\u00bb1&Prime; _builder_version=\u00a0\u00bb4.27.4&Prime; _module_preset=\u00a0\u00bbdefault\u00a0\u00bb global_colors_info=\u00a0\u00bb{}\u00a0\u00bb][et_pb_row _builder_version=\u00a0\u00bb4.27.4&Prime; _module_preset=\u00a0\u00bbdefault\u00a0\u00bb global_colors_info=\u00a0\u00bb{}\u00a0\u00bb][et_pb_column type=\u00a0\u00bb4_4&Prime; _builder_version=\u00a0\u00bb4.27.4&Prime; _module_preset=\u00a0\u00bbdefault\u00a0\u00bb global_colors_info=\u00a0\u00bb{}\u00a0\u00bb][dsm_image_accordion _builder_version=\u00a0\u00bb4.27.4&Prime; _module_preset=\u00a0\u00bbdefault\u00a0\u00bb global_colors_info=\u00a0\u00bb{}\u00a0\u00bb][dsm_image_accordion_child expanded_item=\u00a0\u00bbon\u00a0\u00bb image_accordion_src=\u00a0\u00bbhttps:\/\/parelodge.com\/wp-content\/uploads\/2025\/05\/coinpiquenique-copy.jpg\u00a0\u00bb alt=\u00a0\u00bbPare Lodge &#8211; Le jardin\u00a0\u00bb title_text=\u00a0\u00bbVue coin pique nique\u00a0\u00bb image_accordion_title=\u00a0\u00bbOmbrag\u00e9 et Frais\u00a0\u00bb _builder_version=\u00a0\u00bb4.27.4&Prime; _module_preset=\u00a0\u00bbdefault\u00a0\u00bb global_colors_info=\u00a0\u00bb{}\u00a0\u00bb][\/dsm_image_accordion_child][dsm_image_accordion_child expanded_item=\u00a0\u00bbon\u00a0\u00bb image_accordion_src=\u00a0\u00bbhttps:\/\/parelodge.com\/wp-content\/uploads\/2025\/05\/Bananiers_2185-2-copy.jpeg\u00a0\u00bb alt=\u00a0\u00bbPare Lodge &#8211; Le jardin\u00a0\u00bb title_text=\u00a0\u00bbBananiers_2185 2 copy\u00a0\u00bb image_accordion_title=\u00a0\u00bbVerdoyant et Nourricier\u00a0\u00bb _builder_version=\u00a0\u00bb4.27.4&Prime; _module_preset=\u00a0\u00bbdefault\u00a0\u00bb global_colors_info=\u00a0\u00bb{}\u00a0\u00bb][\/dsm_image_accordion_child][dsm_image_accordion_child expanded_item=\u00a0\u00bbon\u00a0\u00bb image_accordion_src=\u00a0\u00bbhttps:\/\/parelodge.com\/wp-content\/uploads\/2025\/05\/patio_2172-copy.jpeg\u00a0\u00bb alt=\u00a0\u00bbPare Lodge &#8211; Le jardin\u00a0\u00bb title_text=\u00a0\u00bbComposition plantes\u00a0\u00bb image_accordion_title=\u00a0\u00bbBotanique et Esth\u00e9tique\u00a0\u00bb _builder_version=\u00a0\u00bb4.27.4&Prime; _module_preset=\u00a0\u00bbdefault\u00a0\u00bb global_colors_info=\u00a0\u00bb{}\u00a0\u00bb][\/dsm_image_accordion_child][\/dsm_image_accordion][\/et_pb_column][\/et_pb_row][et_pb_row _builder_version=\u00a0\u00bb4.27.4&Prime; _module_preset=\u00a0\u00bbdefault\u00a0\u00bb global_colors_info=\u00a0\u00bb{}\u00a0\u00bb][et_pb_column type=\u00a0\u00bb4_4&Prime; _builder_version=\u00a0\u00bb4.27.4&Prime; _module_preset=\u00a0\u00bbdefault\u00a0\u00bb global_colors_info=\u00a0\u00bb{}\u00a0\u00bb][et_pb_text _builder_version=\u00a0\u00bb4.27.4&Prime; _module_preset=\u00a0\u00bbdefault\u00a0\u00bb hover_enabled=\u00a0\u00bb0&Prime; global_colors_info=\u00a0\u00bb{}\u00a0\u00bb sticky_enabled=\u00a0\u00bb0&Prime;]<\/p>\n<p>La fra\u00eecheur naturelle de la Pension provient du jardin arbor\u00e9 en toute saison, qui assure une temp\u00e9rature agr\u00e9able toute l&rsquo;ann\u00e9e. En plus de sa fonction esth\u00e9tique et botanique, les merveilleux arbres fruitiers (papayer, manguier, bananier) assurent un apport autant \u00e9cologiques que d\u00e9licieux au plateau du Petit D\u00e9jeuner. le jardin est soigneusement entretenu par notre jardinier, et englobe tous les h\u00e9bergements ainsi que la piscine. <\/p>\n<p>[\/et_pb_text][et_pb_gallery gallery_ids=\u00a0\u00bb3505,3502,3496,3493,3506&Prime; posts_number=\u00a0\u00bb5&Prime; orientation=\u00a0\u00bbportrait\u00a0\u00bb show_title_and_caption=\u00a0\u00bboff\u00a0\u00bb show_pagination=\u00a0\u00bboff\u00a0\u00bb _builder_version=\u00a0\u00bb4.27.4&Prime; _module_preset=\u00a0\u00bbdefault\u00a0\u00bb global_colors_info=\u00a0\u00bb{}\u00a0\u00bb][\/et_pb_gallery][et_pb_text _builder_version=\u00a0\u00bb4.27.4&Prime; _module_preset=\u00a0\u00bbdefault\u00a0\u00bb global_colors_info=\u00a0\u00bb{}\u00a0\u00bb]<\/p>\n<p>Un des b\u00e9n\u00e9fices d&rsquo;avoir des arbres fruitier dans son jardin au lieu d&rsquo;arbres d\u00e9coratifs, c&rsquo;est de pouvoir profiter des fruits de saison (mangue, banane, goyave, papaye) pour agr\u00e9menter le Menu du fameux Petit D\u00e9jeuner offert par la Pension. <\/p>\n<p>[\/et_pb_text][et_pb_gallery gallery_ids=\u00a0\u00bb3506,3498,3499,3488,3487&Prime; posts_number=\u00a0\u00bb5&Prime; orientation=\u00a0\u00bbportrait\u00a0\u00bb show_title_and_caption=\u00a0\u00bboff\u00a0\u00bb show_pagination=\u00a0\u00bboff\u00a0\u00bb _builder_version=\u00a0\u00bb4.27.4&Prime; _module_preset=\u00a0\u00bbdefault\u00a0\u00bb global_colors_info=\u00a0\u00bb{}\u00a0\u00bb][\/et_pb_gallery][et_pb_text _builder_version=\u00a0\u00bb4.27.4&Prime; _module_preset=\u00a0\u00bbdefault\u00a0\u00bb hover_enabled=\u00a0\u00bb0&Prime; global_colors_info=\u00a0\u00bb{}\u00a0\u00bb sticky_enabled=\u00a0\u00bb0&Prime;]<\/p>\n<p>Les esp\u00e8ces botaniques, soigneusement choisies et maintenues par notre jardinier, s&rsquo;int\u00e8gre \u00e0 la Pension avec des compositions v\u00e9g\u00e9tales et florales magnifiques pour le plaisir des yeux et des sens (aute, tipanie, tiare tahiti, orchid\u00e9e, bougainvillier&#8230;).<\/p>\n<p>[\/et_pb_text][et_pb_gallery gallery_ids=\u00a0\u00bb3501,3500,3504,3495,3494&Prime; posts_number=\u00a0\u00bb5&Prime; orientation=\u00a0\u00bbportrait\u00a0\u00bb show_title_and_caption=\u00a0\u00bboff\u00a0\u00bb show_pagination=\u00a0\u00bboff\u00a0\u00bb _builder_version=\u00a0\u00bb4.27.4&Prime; _module_preset=\u00a0\u00bbdefault\u00a0\u00bb global_colors_info=\u00a0\u00bb{}\u00a0\u00bb][\/et_pb_gallery][\/et_pb_column][\/et_pb_row][\/et_pb_section]<\/p>\n","protected":false},"excerpt":{"rendered":"<p><div class=\"et_pb_module dsm_image_accordion dsm_image_accordion_0 dsm_image_accordion_animation_fade_in dsm_image_accordion_animation_sequence_off\">\n\t\t\t\t\n\t\t\t\t\n\t\t\t\t\n\t\t\t\t\n\t\t\t\t\n\t\t\t\t\n\t\t\t\t<div class=\"et_pb_module_inner\">\n\t\t\t\t\t<div class=\"dsm_image_accordion_wrapper dsm_image_accordion_trigger_on_hover\">\n                <div  class=\"et_pb_module dsm_image_accordion_child dsm_image_accordion_child_0 dsm_image_accordion_horizontal_center dsm_image_accordion_vertical_center dsm_image_accordion_active_item\"> \n\t\t\t   <div class=\"et_pb_module_inner\"> \n\t\t\t\t\t<div class=\"dsm_image_accordion_child_content\">\n\t\t\t\t\t\t\n\t\t\t\t\t\t<h3 class=\"dsm_image_accordion_title\">Shady and cool<\/h3>\n\t\t\t\t\t\t\n\t\t\t\t\t\t\n\t\t\t\t\t<\/div>\n\t\t\t\t\t\n\t\t\t\t<\/div>\n\t\t\t<\/div><div  class=\"et_pb_module dsm_image_accordion_child dsm_image_accordion_child_1 dsm_image_accordion_horizontal_center dsm_image_accordion_vertical_center dsm_image_accordion_active_item\"> \n\t\t\t   <div class=\"et_pb_module_inner\"> \n\t\t\t\t\t<div class=\"dsm_image_accordion_child_content\">\n\t\t\t\t\t\t\n\t\t\t\t\t\t<h3 class=\"dsm_image_accordion_title\">Green and Nourishing<\/h3>\n\t\t\t\t\t\t\n\t\t\t\t\t\t\n\t\t\t\t\t<\/div>\n\t\t\t\t\t\n\t\t\t\t<\/div>\n\t\t\t<\/div><div  class=\"et_pb_module dsm_image_accordion_child dsm_image_accordion_child_2 dsm_image_accordion_horizontal_center dsm_image_accordion_vertical_center dsm_image_accordion_active_item\"> \n\t\t\t   <div class=\"et_pb_module_inner\"> \n\t\t\t\t\t<div class=\"dsm_image_accordion_child_content\">\n\t\t\t\t\t\t\n\t\t\t\t\t\t<h3 class=\"dsm_image_accordion_title\">Botany and Aesthetics<\/h3>\n\t\t\t\t\t\t\n\t\t\t\t\t\t\n\t\t\t\t\t<\/div>\n\t\t\t\t\t\n\t\t\t\t<\/div>\n\t\t\t<\/div>\n            <\/div>\n\t\t\t\t<\/div>\n\t\t\t<\/div>The Pension's natural freshness comes from the garden, which is planted with trees all year round, ensuring a pleasant temperature all year round. In addition to its aesthetic and botanical function, the wonderful fruit trees (papaya, mango, banana) ensure an ecological as well as delicious contribution to the breakfast platter. The garden is carefully tended by our gardener, and encompasses all the accommodation as well as the swimming pool. One of the benefits of having fruit trees in your garden instead of decorative ones is that you can enjoy seasonal fruits (mango, banana, guava, papaya) to enhance the famous Breakfast Menu offered by the Pension. The botanical species, carefully chosen and maintained by our gardener, are integrated into the guesthouse with magnificent plant and floral compositions for the pleasure of the eyes and senses (aute, tipanie, tiare tahiti, orchid, bougainvillea...).<\/p>","protected":false},"author":5,"featured_media":0,"parent":0,"menu_order":0,"comment_status":"closed","ping_status":"closed","template":"","meta":{"_et_pb_use_builder":"on","_et_pb_old_content":"","_et_gb_content_width":"","footnotes":""},"class_list":["post-3484","page","type-page","status-publish","hentry"],"yoast_head":"<!-- This site is optimized with the Yoast SEO plugin v27.4 - https:\/\/yoast.com\/product\/yoast-seo-wordpress\/ -->\n<title>LE JARDIN DE PARE LODGE - Pension Pare Lodge<\/title>\n<meta name=\"robots\" content=\"index, follow, max-snippet:-1, max-image-preview:large, max-video-preview:-1\" \/>\n<link rel=\"canonical\" href=\"https:\/\/parelodge.com\/en\/le-jardin-de-pare-lodge\/\" \/>\n<meta property=\"og:locale\" content=\"en_US\" \/>\n<meta property=\"og:type\" content=\"article\" \/>\n<meta property=\"og:title\" content=\"LE JARDIN DE PARE LODGE - Pension Pare Lodge\" \/>\n<meta property=\"og:description\" content=\"La fra\u00eecheur naturelle de la Pension provient du jardin arbor\u00e9 en toute saison, qui assure une temp\u00e9rature agr\u00e9able toute l&#039;ann\u00e9e. En plus de sa fonction esth\u00e9tique et botanique, les merveilleux arbres fruitiers (papayer, manguier, bananier) assurent un apport autant \u00e9cologiques que d\u00e9licieux au plateau du Petit D\u00e9jeuner. le jardin est soigneusement entretenu par notre jardinier, et englobe tous les h\u00e9bergements ainsi que la piscine. Un des b\u00e9n\u00e9fices d&#039;avoir des arbres fruitier dans son jardin au lieu d&#039;arbres d\u00e9coratifs, c&#039;est de pouvoir profiter des fruits de saison (mangue, banane, goyave, papaye) pour agr\u00e9menter le Menu du fameux Petit D\u00e9jeuner offert par la Pension. Les esp\u00e8ces botaniques, soigneusement choisies et maintenues par notre jardinier, s&#039;int\u00e8gre \u00e0 la Pension avec des compositions v\u00e9g\u00e9tales et florales magnifiques pour le plaisir des yeux et des sens (aute, tipanie, tiare tahiti, orchid\u00e9e, bougainvillier...).\" \/>\n<meta property=\"og:url\" content=\"https:\/\/parelodge.com\/en\/le-jardin-de-pare-lodge\/\" \/>\n<meta property=\"og:site_name\" content=\"Pension Pare Lodge\" \/>\n<meta name=\"twitter:card\" content=\"summary_large_image\" \/>\n<script type=\"application\/ld+json\" class=\"yoast-schema-graph\">{\"@context\":\"https:\\\/\\\/schema.org\",\"@graph\":[{\"@type\":\"WebPage\",\"@id\":\"https:\\\/\\\/parelodge.com\\\/le-jardin-de-pare-lodge\\\/\",\"url\":\"https:\\\/\\\/parelodge.com\\\/le-jardin-de-pare-lodge\\\/\",\"name\":\"LE JARDIN DE PARE LODGE - Pension Pare Lodge\",\"isPartOf\":{\"@id\":\"https:\\\/\\\/parelodge.com\\\/#website\"},\"datePublished\":\"2025-06-11T14:33:35+00:00\",\"breadcrumb\":{\"@id\":\"https:\\\/\\\/parelodge.com\\\/le-jardin-de-pare-lodge\\\/#breadcrumb\"},\"inLanguage\":\"en-US\",\"potentialAction\":[{\"@type\":\"ReadAction\",\"target\":[\"https:\\\/\\\/parelodge.com\\\/le-jardin-de-pare-lodge\\\/\"]}]},{\"@type\":\"BreadcrumbList\",\"@id\":\"https:\\\/\\\/parelodge.com\\\/le-jardin-de-pare-lodge\\\/#breadcrumb\",\"itemListElement\":[{\"@type\":\"ListItem\",\"position\":1,\"name\":\"Accueil\",\"item\":\"https:\\\/\\\/parelodge.com\\\/\"},{\"@type\":\"ListItem\",\"position\":2,\"name\":\"LE JARDIN DE PARE LODGE\"}]},{\"@type\":\"WebSite\",\"@id\":\"https:\\\/\\\/parelodge.com\\\/#website\",\"url\":\"https:\\\/\\\/parelodge.com\\\/\",\"name\":\"Pension Pare Lodge\",\"description\":\"Pension de Famille proche de Papeete\",\"publisher\":{\"@id\":\"https:\\\/\\\/parelodge.com\\\/#organization\"},\"potentialAction\":[{\"@type\":\"SearchAction\",\"target\":{\"@type\":\"EntryPoint\",\"urlTemplate\":\"https:\\\/\\\/parelodge.com\\\/?s={search_term_string}\"},\"query-input\":{\"@type\":\"PropertyValueSpecification\",\"valueRequired\":true,\"valueName\":\"search_term_string\"}}],\"inLanguage\":\"en-US\"},{\"@type\":\"Organization\",\"@id\":\"https:\\\/\\\/parelodge.com\\\/#organization\",\"name\":\"Pension Pare Lodge Tahiti\",\"url\":\"https:\\\/\\\/parelodge.com\\\/\",\"logo\":{\"@type\":\"ImageObject\",\"inLanguage\":\"en-US\",\"@id\":\"https:\\\/\\\/parelodge.com\\\/#\\\/schema\\\/logo\\\/image\\\/\",\"url\":\"https:\\\/\\\/parelodge.com\\\/wp-content\\\/uploads\\\/2021\\\/08\\\/logo-pension-pare-lodge-scaled.jpg\",\"contentUrl\":\"https:\\\/\\\/parelodge.com\\\/wp-content\\\/uploads\\\/2021\\\/08\\\/logo-pension-pare-lodge-scaled.jpg\",\"width\":2560,\"height\":2560,\"caption\":\"Pension Pare Lodge Tahiti\"},\"image\":{\"@id\":\"https:\\\/\\\/parelodge.com\\\/#\\\/schema\\\/logo\\\/image\\\/\"}}]}<\/script>\n<!-- \/ Yoast SEO plugin. -->","yoast_head_json":{"title":"LE JARDIN DE PARE LODGE - Pension Pare Lodge","robots":{"index":"index","follow":"follow","max-snippet":"max-snippet:-1","max-image-preview":"max-image-preview:large","max-video-preview":"max-video-preview:-1"},"canonical":"https:\/\/parelodge.com\/en\/le-jardin-de-pare-lodge\/","og_locale":"en_US","og_type":"article","og_title":"LE JARDIN DE PARE LODGE - Pension Pare Lodge","og_description":"La fra\u00eecheur naturelle de la Pension provient du jardin arbor\u00e9 en toute saison, qui assure une temp\u00e9rature agr\u00e9able toute l'ann\u00e9e. En plus de sa fonction esth\u00e9tique et botanique, les merveilleux arbres fruitiers (papayer, manguier, bananier) assurent un apport autant \u00e9cologiques que d\u00e9licieux au plateau du Petit D\u00e9jeuner. le jardin est soigneusement entretenu par notre jardinier, et englobe tous les h\u00e9bergements ainsi que la piscine. Un des b\u00e9n\u00e9fices d'avoir des arbres fruitier dans son jardin au lieu d'arbres d\u00e9coratifs, c'est de pouvoir profiter des fruits de saison (mangue, banane, goyave, papaye) pour agr\u00e9menter le Menu du fameux Petit D\u00e9jeuner offert par la Pension. Les esp\u00e8ces botaniques, soigneusement choisies et maintenues par notre jardinier, s'int\u00e8gre \u00e0 la Pension avec des compositions v\u00e9g\u00e9tales et florales magnifiques pour le plaisir des yeux et des sens (aute, tipanie, tiare tahiti, orchid\u00e9e, bougainvillier...).","og_url":"https:\/\/parelodge.com\/en\/le-jardin-de-pare-lodge\/","og_site_name":"Pension Pare Lodge","twitter_card":"summary_large_image","schema":{"@context":"https:\/\/schema.org","@graph":[{"@type":"WebPage","@id":"https:\/\/parelodge.com\/le-jardin-de-pare-lodge\/","url":"https:\/\/parelodge.com\/le-jardin-de-pare-lodge\/","name":"LE JARDIN DE PARE LODGE - Pension Pare Lodge","isPartOf":{"@id":"https:\/\/parelodge.com\/#website"},"datePublished":"2025-06-11T14:33:35+00:00","breadcrumb":{"@id":"https:\/\/parelodge.com\/le-jardin-de-pare-lodge\/#breadcrumb"},"inLanguage":"en-US","potentialAction":[{"@type":"ReadAction","target":["https:\/\/parelodge.com\/le-jardin-de-pare-lodge\/"]}]},{"@type":"BreadcrumbList","@id":"https:\/\/parelodge.com\/le-jardin-de-pare-lodge\/#breadcrumb","itemListElement":[{"@type":"ListItem","position":1,"name":"Accueil","item":"https:\/\/parelodge.com\/"},{"@type":"ListItem","position":2,"name":"LE JARDIN DE PARE LODGE"}]},{"@type":"WebSite","@id":"https:\/\/parelodge.com\/#website","url":"https:\/\/parelodge.com\/","name":"Pension Pare Lodge","description":"Guesthouse near Papeete","publisher":{"@id":"https:\/\/parelodge.com\/#organization"},"potentialAction":[{"@type":"SearchAction","target":{"@type":"EntryPoint","urlTemplate":"https:\/\/parelodge.com\/?s={search_term_string}"},"query-input":{"@type":"PropertyValueSpecification","valueRequired":true,"valueName":"search_term_string"}}],"inLanguage":"en-US"},{"@type":"Organization","@id":"https:\/\/parelodge.com\/#organization","name":"Pension Pare Lodge Tahiti","url":"https:\/\/parelodge.com\/","logo":{"@type":"ImageObject","inLanguage":"en-US","@id":"https:\/\/parelodge.com\/#\/schema\/logo\/image\/","url":"https:\/\/parelodge.com\/wp-content\/uploads\/2021\/08\/logo-pension-pare-lodge-scaled.jpg","contentUrl":"https:\/\/parelodge.com\/wp-content\/uploads\/2021\/08\/logo-pension-pare-lodge-scaled.jpg","width":2560,"height":2560,"caption":"Pension Pare Lodge Tahiti"},"image":{"@id":"https:\/\/parelodge.com\/#\/schema\/logo\/image\/"}}]}},"_links":{"self":[{"href":"https:\/\/parelodge.com\/en\/wp-json\/wp\/v2\/pages\/3484","targetHints":{"allow":["GET"]}}],"collection":[{"href":"https:\/\/parelodge.com\/en\/wp-json\/wp\/v2\/pages"}],"about":[{"href":"https:\/\/parelodge.com\/en\/wp-json\/wp\/v2\/types\/page"}],"author":[{"embeddable":true,"href":"https:\/\/parelodge.com\/en\/wp-json\/wp\/v2\/users\/5"}],"replies":[{"embeddable":true,"href":"https:\/\/parelodge.com\/en\/wp-json\/wp\/v2\/comments?post=3484"}],"version-history":[{"count":10,"href":"https:\/\/parelodge.com\/en\/wp-json\/wp\/v2\/pages\/3484\/revisions"}],"predecessor-version":[{"id":3583,"href":"https:\/\/parelodge.com\/en\/wp-json\/wp\/v2\/pages\/3484\/revisions\/3583"}],"wp:attachment":[{"href":"https:\/\/parelodge.com\/en\/wp-json\/wp\/v2\/media?parent=3484"}],"curies":[{"name":"wp","href":"https:\/\/api.w.org\/{rel}","templated":true}]}}