{"id":2386,"date":"2021-11-19T11:04:09","date_gmt":"2021-11-19T21:04:09","guid":{"rendered":"https:\/\/parelodge.com\/?page_id=2386"},"modified":"2025-01-20T09:23:24","modified_gmt":"2025-01-20T19:23:24","slug":"activites-loisirs-tahiti","status":"publish","type":"page","link":"https:\/\/parelodge.com\/en\/activites-loisirs-tahiti\/","title":{"rendered":"What to see \/ What to do"},"content":{"rendered":"<p>[et_pb_section fb_built=\u00a0\u00bb1&Prime; fullwidth=\u00a0\u00bbon\u00a0\u00bb _builder_version=\u00a0\u00bb4.16&Prime; _module_preset=\u00a0\u00bbdefault\u00a0\u00bb global_colors_info=\u00a0\u00bb{}\u00a0\u00bb][et_pb_fullwidth_header title=\u00a0\u00bbActivit\u00e9s et Loisirs au Pare Lodge et aux Alentours\u00a0\u00bb header_fullscreen=\u00a0\u00bbon\u00a0\u00bb header_scroll_down=\u00a0\u00bbon\u00a0\u00bb scroll_down_icon_color=\u00a0\u00bb#FFFFFF\u00a0\u00bb button_one_text=\u00a0\u00bbAux alentours\u00a0\u00bb button_one_url=\u00a0\u00bb#auxalentours\u00a0\u00bb background_overlay_color=\u00a0\u00bbrgba(0,0,0,0.16)\u00a0\u00bb _builder_version=\u00a0\u00bb4.17.4&Prime; _module_preset=\u00a0\u00bbdefault\u00a0\u00bb title_text_align=\u00a0\u00bbcenter\u00a0\u00bb title_font_size=\u00a0\u00bb36px\u00a0\u00bb content_text_color=\u00a0\u00bb#FFFFFF\u00a0\u00bb content_font_size=\u00a0\u00bb20px\u00a0\u00bb background_enable_color=\u00a0\u00bboff\u00a0\u00bb background_image=\u00a0\u00bbhttps:\/\/parelodge.com\/wp-content\/uploads\/2021\/11\/randonnee-tahiti-\u00a9-Tahiti-Tourisme-1.jpg\u00a0\u00bb parallax=\u00a0\u00bbon\u00a0\u00bb custom_button_one=\u00a0\u00bbon\u00a0\u00bb button_one_use_icon=\u00a0\u00bboff\u00a0\u00bb custom_button_two=\u00a0\u00bbon\u00a0\u00bb button_two_bg_color=\u00a0\u00bb#359b28&Prime; button_two_border_color=\u00a0\u00bb#359b28&Prime; button_two_use_icon=\u00a0\u00bboff\u00a0\u00bb global_colors_info=\u00a0\u00bb{}\u00a0\u00bb]<\/p>\n<p>Le Pare Lodge vous accueille sur l&rsquo;\u00eele de Tahiti \u00e0 deux pas de la capitale Papeete pour des vacances riches en d\u00e9couvertes et en activit\u00e9s si vous le souhaitez !<\/p>\n<p>Id\u00e9alement situ\u00e9e, notre Pension vous ouvre les portes de nombreuses activit\u00e9s et sites touristiques, et pour les jours o\u00f9 vous pr\u00e9f\u00e9rerez rester au calme nous vous proposons \u00e9galement plusieurs activit\u00e9s sur place.<\/p>\n<p>[\/et_pb_fullwidth_header][\/et_pb_section][et_pb_section fb_built=\u00a0\u00bb1&Prime; fullwidth=\u00a0\u00bbon\u00a0\u00bb admin_label=\u00a0\u00bbHero\u00a0\u00bb _builder_version=\u00a0\u00bb4.16&Prime; background_enable_color=\u00a0\u00bboff\u00a0\u00bb custom_padding=\u00a0\u00bb0px|0px|0px|0px\u00a0\u00bb global_colors_info=\u00a0\u00bb{}\u00a0\u00bb][et_pb_fullwidth_header title=\u00a0\u00bbActivit\u00e9s et Loisirs aux alentours du Pare Lodge\u00a0\u00bb module_id=\u00a0\u00bbauxalentours\u00a0\u00bb _builder_version=\u00a0\u00bb4.16&Prime; _module_preset=\u00a0\u00bbdefault\u00a0\u00bb title_level=\u00a0\u00bbh2&Prime; title_text_color=\u00a0\u00bb#090A0B\u00a0\u00bb title_font_size=\u00a0\u00bb31px\u00a0\u00bb content_text_color=\u00a0\u00bb#000000&Prime; content_font_size=\u00a0\u00bb20px\u00a0\u00bb background_enable_color=\u00a0\u00bboff\u00a0\u00bb global_colors_info=\u00a0\u00bb{}\u00a0\u00bb]<\/p>\n<p>Le Pare Lodge, id\u00e9alement situ\u00e9 dans la Commune de Pirae, est entour\u00e9 de sites touristiques int\u00e9ressants, d&rsquo;activit\u00e9s d\u00e9paysantes et de loisirs. agr\u00e9ables. D\u00e9couvrez ci-dessous tous les <strong>sites touristiques de Tahiti \u00e0 visiter<\/strong>, ainsi que les nombreuses <strong>activit\u00e9s \u00e0 faire lors de votre s\u00e9jour pr\u00e8s de Pape&rsquo;ete<\/strong>.\u00a0<\/p>\n<p>&nbsp;<\/p>\n<p>&nbsp;<\/p>\n<p>&nbsp;<\/p>\n<p>&nbsp;<\/p>\n<p>&nbsp;<\/p>\n<p>&nbsp;<\/p>\n<p>[\/et_pb_fullwidth_header][\/et_pb_section][et_pb_section fb_built=\u00a0\u00bb1&Prime; admin_label=\u00a0\u00bbGallery\u00a0\u00bb _builder_version=\u00a0\u00bb4.16&Prime; custom_padding=\u00a0\u00bb0px||0px|\u00a0\u00bb global_colors_info=\u00a0\u00bb{}\u00a0\u00bb][et_pb_row _builder_version=\u00a0\u00bb4.16&Prime; _module_preset=\u00a0\u00bbdefault\u00a0\u00bb global_colors_info=\u00a0\u00bb{}\u00a0\u00bb][et_pb_column type=\u00a0\u00bb4_4&Prime; _builder_version=\u00a0\u00bb4.16&Prime; _module_preset=\u00a0\u00bbdefault\u00a0\u00bb global_colors_info=\u00a0\u00bb{}\u00a0\u00bb][et_pb_filterable_portfolio fullwidth=\u00a0\u00bboff\u00a0\u00bb zoom_icon_color=\u00a0\u00bb#FFFFFF\u00a0\u00bb hover_overlay_color=\u00a0\u00bbrgba(131,193,64,0.44)\u00a0\u00bb _builder_version=\u00a0\u00bb4.17.4&Prime; _module_preset=\u00a0\u00bbdefault\u00a0\u00bb global_colors_info=\u00a0\u00bb{}\u00a0\u00bb][\/et_pb_filterable_portfolio][\/et_pb_column][\/et_pb_row][\/et_pb_section]<\/p>\n","protected":false},"excerpt":{"rendered":"<p>The Pare Lodge welcomes you to the island of Tahiti, just a stone's throw from the capital Papeete, for a vacation full of discoveries and activities! Ideally located, our guesthouse opens the door to numerous activities and tourist sites, and for those days when you prefer to stay in peace and quiet, we also offer a number of on-site activities.Le Pare Lodge, ideally located in the Commune of Pirae, is surrounded by interesting tourist sites, exotic activities and pleasant leisure pursuits. Discover below all Tahiti's tourist sites to visit, as well as the many activities to do during your stay near Pape'ete.\u00a0 &nbsp; &nbsp; &nbsp; &nbsp; &nbsp; &nbsp;<\/p>","protected":false},"author":1,"featured_media":1471,"parent":0,"menu_order":3,"comment_status":"closed","ping_status":"closed","template":"","meta":{"_et_pb_use_builder":"on","_et_pb_old_content":"","_et_gb_content_width":"","footnotes":""},"class_list":["post-2386","page","type-page","status-publish","has-post-thumbnail","hentry"],"yoast_head":"<!-- This site is optimized with the Yoast SEO plugin v27.4 - https:\/\/yoast.com\/product\/yoast-seo-wordpress\/ -->\n<title>\u00c0 Voir \/ \u00c0 Faire \u00e0 la Pension Pare Lodge et aux alentours<\/title>\n<meta name=\"description\" content=\"D\u00e9couvrez toutes les Activit\u00e9s et Loisirs de la Pension Pare Lodge ainsi qu&#039;aux alentours... Sites Touristiques, bons Restaurants, Randonn\u00e9es, Spots de surf...\" \/>\n<meta name=\"robots\" content=\"index, follow, max-snippet:-1, max-image-preview:large, max-video-preview:-1\" \/>\n<link rel=\"canonical\" href=\"https:\/\/parelodge.com\/en\/activites-loisirs-tahiti\/\" \/>\n<meta property=\"og:locale\" content=\"en_US\" \/>\n<meta property=\"og:type\" content=\"article\" \/>\n<meta property=\"og:title\" content=\"\u00c0 Voir \/ \u00c0 Faire \u00e0 la Pension Pare Lodge et aux alentours\" \/>\n<meta property=\"og:description\" content=\"D\u00e9couvrez toutes les Activit\u00e9s et Loisirs de la Pension Pare Lodge ainsi qu&#039;aux alentours... Sites Touristiques, bons Restaurants, Randonn\u00e9es, Spots de surf...\" \/>\n<meta property=\"og:url\" content=\"https:\/\/parelodge.com\/en\/activites-loisirs-tahiti\/\" \/>\n<meta property=\"og:site_name\" content=\"Pension Pare Lodge\" \/>\n<meta property=\"article:modified_time\" content=\"2025-01-20T19:23:24+00:00\" \/>\n<meta property=\"og:image\" content=\"https:\/\/parelodge.com\/wp-content\/uploads\/2021\/09\/safari-tahiti-pare-lodge2-scaled.jpg\" \/>\n\t<meta property=\"og:image:width\" content=\"2560\" \/>\n\t<meta property=\"og:image:height\" content=\"1707\" \/>\n\t<meta property=\"og:image:type\" content=\"image\/jpeg\" \/>\n<meta name=\"twitter:card\" content=\"summary_large_image\" \/>\n<meta name=\"twitter:label1\" content=\"Est. reading time\" \/>\n\t<meta name=\"twitter:data1\" content=\"1 minute\" \/>\n<script type=\"application\/ld+json\" class=\"yoast-schema-graph\">{\"@context\":\"https:\\\/\\\/schema.org\",\"@graph\":[{\"@type\":\"WebPage\",\"@id\":\"https:\\\/\\\/parelodge.com\\\/activites-loisirs-tahiti\\\/\",\"url\":\"https:\\\/\\\/parelodge.com\\\/activites-loisirs-tahiti\\\/\",\"name\":\"\u00c0 Voir \\\/ \u00c0 Faire \u00e0 la Pension Pare Lodge et aux alentours\",\"isPartOf\":{\"@id\":\"https:\\\/\\\/parelodge.com\\\/#website\"},\"primaryImageOfPage\":{\"@id\":\"https:\\\/\\\/parelodge.com\\\/activites-loisirs-tahiti\\\/#primaryimage\"},\"image\":{\"@id\":\"https:\\\/\\\/parelodge.com\\\/activites-loisirs-tahiti\\\/#primaryimage\"},\"thumbnailUrl\":\"https:\\\/\\\/parelodge.com\\\/wp-content\\\/uploads\\\/2021\\\/09\\\/safari-tahiti-pare-lodge2-scaled.jpg\",\"datePublished\":\"2021-11-19T21:04:09+00:00\",\"dateModified\":\"2025-01-20T19:23:24+00:00\",\"description\":\"D\u00e9couvrez toutes les Activit\u00e9s et Loisirs de la Pension Pare Lodge ainsi qu'aux alentours... Sites Touristiques, bons Restaurants, Randonn\u00e9es, Spots de surf...\",\"breadcrumb\":{\"@id\":\"https:\\\/\\\/parelodge.com\\\/activites-loisirs-tahiti\\\/#breadcrumb\"},\"inLanguage\":\"en-US\",\"potentialAction\":[{\"@type\":\"ReadAction\",\"target\":[\"https:\\\/\\\/parelodge.com\\\/activites-loisirs-tahiti\\\/\"]}]},{\"@type\":\"ImageObject\",\"inLanguage\":\"en-US\",\"@id\":\"https:\\\/\\\/parelodge.com\\\/activites-loisirs-tahiti\\\/#primaryimage\",\"url\":\"https:\\\/\\\/parelodge.com\\\/wp-content\\\/uploads\\\/2021\\\/09\\\/safari-tahiti-pare-lodge2-scaled.jpg\",\"contentUrl\":\"https:\\\/\\\/parelodge.com\\\/wp-content\\\/uploads\\\/2021\\\/09\\\/safari-tahiti-pare-lodge2-scaled.jpg\",\"width\":2560,\"height\":1707,\"caption\":\"Excursion Safari Pare Lodge\"},{\"@type\":\"BreadcrumbList\",\"@id\":\"https:\\\/\\\/parelodge.com\\\/activites-loisirs-tahiti\\\/#breadcrumb\",\"itemListElement\":[{\"@type\":\"ListItem\",\"position\":1,\"name\":\"Accueil\",\"item\":\"https:\\\/\\\/parelodge.com\\\/\"},{\"@type\":\"ListItem\",\"position\":2,\"name\":\"\u00c0 Voir \\\/ \u00c0 Faire\"}]},{\"@type\":\"WebSite\",\"@id\":\"https:\\\/\\\/parelodge.com\\\/#website\",\"url\":\"https:\\\/\\\/parelodge.com\\\/\",\"name\":\"Pension Pare Lodge\",\"description\":\"Pension de Famille proche de Papeete\",\"publisher\":{\"@id\":\"https:\\\/\\\/parelodge.com\\\/#organization\"},\"potentialAction\":[{\"@type\":\"SearchAction\",\"target\":{\"@type\":\"EntryPoint\",\"urlTemplate\":\"https:\\\/\\\/parelodge.com\\\/?s={search_term_string}\"},\"query-input\":{\"@type\":\"PropertyValueSpecification\",\"valueRequired\":true,\"valueName\":\"search_term_string\"}}],\"inLanguage\":\"en-US\"},{\"@type\":\"Organization\",\"@id\":\"https:\\\/\\\/parelodge.com\\\/#organization\",\"name\":\"Pension Pare Lodge Tahiti\",\"url\":\"https:\\\/\\\/parelodge.com\\\/\",\"logo\":{\"@type\":\"ImageObject\",\"inLanguage\":\"en-US\",\"@id\":\"https:\\\/\\\/parelodge.com\\\/#\\\/schema\\\/logo\\\/image\\\/\",\"url\":\"https:\\\/\\\/parelodge.com\\\/wp-content\\\/uploads\\\/2021\\\/08\\\/logo-pension-pare-lodge-scaled.jpg\",\"contentUrl\":\"https:\\\/\\\/parelodge.com\\\/wp-content\\\/uploads\\\/2021\\\/08\\\/logo-pension-pare-lodge-scaled.jpg\",\"width\":2560,\"height\":2560,\"caption\":\"Pension Pare Lodge Tahiti\"},\"image\":{\"@id\":\"https:\\\/\\\/parelodge.com\\\/#\\\/schema\\\/logo\\\/image\\\/\"}}]}<\/script>\n<!-- \/ Yoast SEO plugin. -->","yoast_head_json":{"title":"Things to see and do in and around Pension Pare Lodge","description":"Discover all the Activities and Leisure at Pension Pare Lodge and in the surrounding area... Tourist sites, good restaurants, hiking, surfing spots...","robots":{"index":"index","follow":"follow","max-snippet":"max-snippet:-1","max-image-preview":"max-image-preview:large","max-video-preview":"max-video-preview:-1"},"canonical":"https:\/\/parelodge.com\/en\/activites-loisirs-tahiti\/","og_locale":"en_US","og_type":"article","og_title":"\u00c0 Voir \/ \u00c0 Faire \u00e0 la Pension Pare Lodge et aux alentours","og_description":"D\u00e9couvrez toutes les Activit\u00e9s et Loisirs de la Pension Pare Lodge ainsi qu'aux alentours... Sites Touristiques, bons Restaurants, Randonn\u00e9es, Spots de surf...","og_url":"https:\/\/parelodge.com\/en\/activites-loisirs-tahiti\/","og_site_name":"Pension Pare Lodge","article_modified_time":"2025-01-20T19:23:24+00:00","og_image":[{"width":2560,"height":1707,"url":"https:\/\/parelodge.com\/wp-content\/uploads\/2021\/09\/safari-tahiti-pare-lodge2-scaled.jpg","type":"image\/jpeg"}],"twitter_card":"summary_large_image","twitter_misc":{"Est. reading time":"1 minute"},"schema":{"@context":"https:\/\/schema.org","@graph":[{"@type":"WebPage","@id":"https:\/\/parelodge.com\/activites-loisirs-tahiti\/","url":"https:\/\/parelodge.com\/activites-loisirs-tahiti\/","name":"Things to see and do in and around Pension Pare Lodge","isPartOf":{"@id":"https:\/\/parelodge.com\/#website"},"primaryImageOfPage":{"@id":"https:\/\/parelodge.com\/activites-loisirs-tahiti\/#primaryimage"},"image":{"@id":"https:\/\/parelodge.com\/activites-loisirs-tahiti\/#primaryimage"},"thumbnailUrl":"https:\/\/parelodge.com\/wp-content\/uploads\/2021\/09\/safari-tahiti-pare-lodge2-scaled.jpg","datePublished":"2021-11-19T21:04:09+00:00","dateModified":"2025-01-20T19:23:24+00:00","description":"Discover all the Activities and Leisure at Pension Pare Lodge and in the surrounding area... Tourist sites, good restaurants, hiking, surfing spots...","breadcrumb":{"@id":"https:\/\/parelodge.com\/activites-loisirs-tahiti\/#breadcrumb"},"inLanguage":"en-US","potentialAction":[{"@type":"ReadAction","target":["https:\/\/parelodge.com\/activites-loisirs-tahiti\/"]}]},{"@type":"ImageObject","inLanguage":"en-US","@id":"https:\/\/parelodge.com\/activites-loisirs-tahiti\/#primaryimage","url":"https:\/\/parelodge.com\/wp-content\/uploads\/2021\/09\/safari-tahiti-pare-lodge2-scaled.jpg","contentUrl":"https:\/\/parelodge.com\/wp-content\/uploads\/2021\/09\/safari-tahiti-pare-lodge2-scaled.jpg","width":2560,"height":1707,"caption":"Excursion Safari Pare Lodge"},{"@type":"BreadcrumbList","@id":"https:\/\/parelodge.com\/activites-loisirs-tahiti\/#breadcrumb","itemListElement":[{"@type":"ListItem","position":1,"name":"Accueil","item":"https:\/\/parelodge.com\/"},{"@type":"ListItem","position":2,"name":"\u00c0 Voir \/ \u00c0 Faire"}]},{"@type":"WebSite","@id":"https:\/\/parelodge.com\/#website","url":"https:\/\/parelodge.com\/","name":"Pension Pare Lodge","description":"Guesthouse near Papeete","publisher":{"@id":"https:\/\/parelodge.com\/#organization"},"potentialAction":[{"@type":"SearchAction","target":{"@type":"EntryPoint","urlTemplate":"https:\/\/parelodge.com\/?s={search_term_string}"},"query-input":{"@type":"PropertyValueSpecification","valueRequired":true,"valueName":"search_term_string"}}],"inLanguage":"en-US"},{"@type":"Organization","@id":"https:\/\/parelodge.com\/#organization","name":"Pension Pare Lodge Tahiti","url":"https:\/\/parelodge.com\/","logo":{"@type":"ImageObject","inLanguage":"en-US","@id":"https:\/\/parelodge.com\/#\/schema\/logo\/image\/","url":"https:\/\/parelodge.com\/wp-content\/uploads\/2021\/08\/logo-pension-pare-lodge-scaled.jpg","contentUrl":"https:\/\/parelodge.com\/wp-content\/uploads\/2021\/08\/logo-pension-pare-lodge-scaled.jpg","width":2560,"height":2560,"caption":"Pension Pare Lodge Tahiti"},"image":{"@id":"https:\/\/parelodge.com\/#\/schema\/logo\/image\/"}}]}},"_links":{"self":[{"href":"https:\/\/parelodge.com\/en\/wp-json\/wp\/v2\/pages\/2386","targetHints":{"allow":["GET"]}}],"collection":[{"href":"https:\/\/parelodge.com\/en\/wp-json\/wp\/v2\/pages"}],"about":[{"href":"https:\/\/parelodge.com\/en\/wp-json\/wp\/v2\/types\/page"}],"author":[{"embeddable":true,"href":"https:\/\/parelodge.com\/en\/wp-json\/wp\/v2\/users\/1"}],"replies":[{"embeddable":true,"href":"https:\/\/parelodge.com\/en\/wp-json\/wp\/v2\/comments?post=2386"}],"version-history":[{"count":18,"href":"https:\/\/parelodge.com\/en\/wp-json\/wp\/v2\/pages\/2386\/revisions"}],"predecessor-version":[{"id":3310,"href":"https:\/\/parelodge.com\/en\/wp-json\/wp\/v2\/pages\/2386\/revisions\/3310"}],"wp:featuredmedia":[{"embeddable":true,"href":"https:\/\/parelodge.com\/en\/wp-json\/wp\/v2\/media\/1471"}],"wp:attachment":[{"href":"https:\/\/parelodge.com\/en\/wp-json\/wp\/v2\/media?parent=2386"}],"curies":[{"name":"wp","href":"https:\/\/api.w.org\/{rel}","templated":true}]}}