{"id":1932,"date":"2021-09-21T11:23:19","date_gmt":"2021-09-21T21:23:19","guid":{"rendered":"https:\/\/parelodge.com\/?page_id=1932"},"modified":"2021-11-19T09:48:47","modified_gmt":"2021-11-19T19:48:47","slug":"plan-site","status":"publish","type":"page","link":"https:\/\/parelodge.com\/en\/plan-site\/","title":{"rendered":"Pare Lodge site map"},"content":{"rendered":"<p>[et_pb_section fb_built=\u00a0\u00bb1&Prime; fullwidth=\u00a0\u00bbon\u00a0\u00bb _builder_version=\u00a0\u00bb4.10.7&Prime; _module_preset=\u00a0\u00bbdefault\u00a0\u00bb background_image=\u00a0\u00bbhttps:\/\/parelodge.com\/wp-content\/uploads\/2021\/09\/jardin2.jpg\u00a0\u00bb global_colors_info=\u00a0\u00bb{}\u00a0\u00bb][et_pb_fullwidth_header title=\u00a0\u00bbPlan du site Pare Lodge\u00a0\u00bb background_overlay_color=\u00a0\u00bbrgba(0,0,0,0.35)\u00a0\u00bb _builder_version=\u00a0\u00bb4.10.7&Prime; _module_preset=\u00a0\u00bbdefault\u00a0\u00bb background_image=\u00a0\u00bbhttps:\/\/parelodge.com\/wp-content\/uploads\/2021\/09\/jardin2.jpg\u00a0\u00bb global_colors_info=\u00a0\u00bb{}\u00a0\u00bb]<\/p>\n<p>D\u00e9couvrez sur cette page le Plan du site parelodge.com<\/p>\n<p>[\/et_pb_fullwidth_header][\/et_pb_section][et_pb_section fb_built=\u00a0\u00bb1&Prime; _builder_version=\u00a0\u00bb4.10.7&Prime; _module_preset=\u00a0\u00bbdefault\u00a0\u00bb global_colors_info=\u00a0\u00bb{}\u00a0\u00bb][et_pb_row _builder_version=\u00a0\u00bb4.10.7&Prime; _module_preset=\u00a0\u00bbdefault\u00a0\u00bb hover_enabled=\u00a0\u00bb0&Prime; global_colors_info=\u00a0\u00bb{}\u00a0\u00bb sticky_enabled=\u00a0\u00bb0&Prime;][et_pb_column type=\u00a0\u00bb4_4&Prime; _builder_version=\u00a0\u00bb4.10.7&Prime; _module_preset=\u00a0\u00bbdefault\u00a0\u00bb global_colors_info=\u00a0\u00bb{}\u00a0\u00bb][et_pb_text ul_item_indent=\u00a0\u00bb18px\u00a0\u00bb _builder_version=\u00a0\u00bb4.10.7&Prime; _module_preset=\u00a0\u00bbdefault\u00a0\u00bb text_font=\u00a0\u00bb|700|||||||\u00a0\u00bb text_text_color=\u00a0\u00bb#E2D044&Prime; link_text_color=\u00a0\u00bb#25292D\u00a0\u00bb ul_text_color=\u00a0\u00bb#25292D\u00a0\u00bb ul_font_size=\u00a0\u00bb16px\u00a0\u00bb hover_enabled=\u00a0\u00bb0&Prime; global_colors_info=\u00a0\u00bb{}\u00a0\u00bb sticky_enabled=\u00a0\u00bb0&Prime;]<\/p>\n<h2>Pages<\/h2>\n<p><strong><div class=\"wsp-container\"><ul class=\"wsp-pages-list\">\n<li class=\"page_item page-item-3201\"><a href=\"https:\/\/parelodge.com\/en\/bungalow-fare-miti-location-accessible-tahiti\/\">Bungalow Fare Miti<\/a><\/li>\n<li class=\"page_item page-item-3231\"><a href=\"https:\/\/parelodge.com\/en\/bungalow-fare-vini-location\/\">Bungalow Fare Vini<\/a><\/li>\n<li class=\"page_item page-item-3484\"><a href=\"https:\/\/parelodge.com\/en\/le-jardin-de-pare-lodge\/\">LE JARDIN DE PARE LODGE<\/a><\/li>\n<li class=\"page_item page-item-2840\"><a href=\"https:\/\/parelodge.com\/en\/le-rocher-de-tahiti\/\">Le Rocher de Tahiti<\/a><\/li>\n<li class=\"page_item page-item-3179\"><a href=\"https:\/\/parelodge.com\/en\/mango-tree-location-cabane-dans-les-arbres-a-tahiti\/\">Mango Tree : Location Cabane dans les arbres \u00e0 Tahiti<\/a><\/li>\n<li class=\"page_item page-item-3552\"><a href=\"https:\/\/parelodge.com\/en\/pare-rent-car\/\">Pare Rent Car<\/a><\/li>\n<li class=\"page_item page-item-461\"><a href=\"https:\/\/parelodge.com\/en\/\">Pension Pare Lodge<\/a><\/li>\n<li class=\"page_item page-item-1448\"><a href=\"https:\/\/parelodge.com\/en\/location-bungalow-tahiti\/\">Bungalow<\/a><\/li>\n<li class=\"page_item page-item-2179\"><a href=\"https:\/\/parelodge.com\/en\/hebergements\/\">H\u00e9bergements<\/a><\/li>\n<li class=\"page_item page-item-2073\"><a href=\"https:\/\/parelodge.com\/en\/location-studios-tahiti\/\">Studios priv\u00e9s \u00e0 louer \u00e0 Tahiti<\/a><\/li>\n<li class=\"page_item page-item-2386\"><a href=\"https:\/\/parelodge.com\/en\/activites-loisirs-tahiti\/\">\u00c0 Voir \/ \u00c0  Faire<\/a><\/li>\n<li class=\"page_item page-item-1424\"><a href=\"https:\/\/parelodge.com\/en\/mentions-legales\/\">Mentions L\u00e9gales<\/a><\/li>\n<li class=\"page_item page-item-1932\"><a href=\"https:\/\/parelodge.com\/en\/plan-site\/\">Plan du site Pare Lodge<\/a><\/li>\n<li class=\"page_item page-item-1635\"><a href=\"https:\/\/parelodge.com\/en\/politique-confidentialite\/\">Politique de Confidentialit\u00e9<\/a><\/li>\n<\/ul>\n<\/div><\/strong><\/p>\n<p>[\/et_pb_text][\/et_pb_column][\/et_pb_row][\/et_pb_section]<\/p>\n","protected":false},"excerpt":{"rendered":"<p>On this page you will find the parelodge.com sitemapPages <div class=\"wsp-container\"><ul class=\"wsp-pages-list\">\n<li class=\"page_item page-item-3201\"><a href=\"https:\/\/parelodge.com\/en\/bungalow-fare-miti-location-accessible-tahiti\/\">Bungalow Fare Miti<\/a><\/li>\n<li class=\"page_item page-item-3231\"><a href=\"https:\/\/parelodge.com\/en\/bungalow-fare-vini-location\/\">Bungalow Fare Vini<\/a><\/li>\n<li class=\"page_item page-item-3484\"><a href=\"https:\/\/parelodge.com\/en\/le-jardin-de-pare-lodge\/\">THE PARE LODGE GARDEN<\/a><\/li>\n<li class=\"page_item page-item-2840\"><a href=\"https:\/\/parelodge.com\/en\/le-rocher-de-tahiti\/\">Le Rocher de Tahiti<\/a><\/li>\n<li class=\"page_item page-item-3179\"><a href=\"https:\/\/parelodge.com\/en\/mango-tree-location-cabane-dans-les-arbres-a-tahiti\/\">Mango Tree: Treehouse rentals in Tahiti<\/a><\/li>\n<li class=\"page_item page-item-3552\"><a href=\"https:\/\/parelodge.com\/en\/pare-rent-car\/\">Pare Rent Car<\/a><\/li>\n<li class=\"page_item page-item-461\"><a href=\"https:\/\/parelodge.com\/en\/\">Pension Pare Lodge<\/a><\/li>\n<li class=\"page_item page-item-1448\"><a href=\"https:\/\/parelodge.com\/en\/location-bungalow-tahiti\/\">Bungalow<\/a><\/li>\n<li class=\"page_item page-item-2179\"><a href=\"https:\/\/parelodge.com\/en\/hebergements\/\">Lodgings<\/a><\/li>\n<li class=\"page_item page-item-2073\"><a href=\"https:\/\/parelodge.com\/en\/location-studios-tahiti\/\">Private studios for rent in Tahiti<\/a><\/li>\n<li class=\"page_item page-item-2386\"><a href=\"https:\/\/parelodge.com\/en\/activites-loisirs-tahiti\/\">What to see \/ What to do<\/a><\/li>\n<li class=\"page_item page-item-1424\"><a href=\"https:\/\/parelodge.com\/en\/mentions-legales\/\">Terms of use<\/a><\/li>\n<li class=\"page_item page-item-1932\"><a href=\"https:\/\/parelodge.com\/en\/plan-site\/\">Pare Lodge site map<\/a><\/li>\n<li class=\"page_item page-item-1635\"><a href=\"https:\/\/parelodge.com\/en\/politique-confidentialite\/\">Privacy Policy<\/a><\/li>\n<\/ul>\n<\/div><\/p>","protected":false},"author":1,"featured_media":0,"parent":0,"menu_order":10,"comment_status":"closed","ping_status":"closed","template":"","meta":{"_et_pb_use_builder":"on","_et_pb_old_content":"","_et_gb_content_width":"","footnotes":""},"class_list":["post-1932","page","type-page","status-publish","hentry"],"yoast_head":"<!-- This site is optimized with the Yoast SEO plugin v27.4 - https:\/\/yoast.com\/product\/yoast-seo-wordpress\/ -->\n<title>Plan du site Pare Lodge - Pension Pare Lodge<\/title>\n<meta name=\"robots\" content=\"index, follow, max-snippet:-1, max-image-preview:large, max-video-preview:-1\" \/>\n<link rel=\"canonical\" href=\"https:\/\/parelodge.com\/en\/plan-site\/\" \/>\n<meta property=\"og:locale\" content=\"en_US\" \/>\n<meta property=\"og:type\" content=\"article\" \/>\n<meta property=\"og:title\" content=\"Plan du site Pare Lodge - Pension Pare Lodge\" \/>\n<meta property=\"og:description\" content=\"D\u00e9couvrez sur cette page le Plan du site parelodge.comPages\" \/>\n<meta property=\"og:url\" content=\"https:\/\/parelodge.com\/en\/plan-site\/\" \/>\n<meta property=\"og:site_name\" content=\"Pension Pare Lodge\" \/>\n<meta property=\"article:modified_time\" content=\"2021-11-19T19:48:47+00:00\" \/>\n<meta name=\"twitter:card\" content=\"summary_large_image\" \/>\n<meta name=\"twitter:label1\" content=\"Est. reading time\" \/>\n\t<meta name=\"twitter:data1\" content=\"1 minute\" \/>\n<script type=\"application\/ld+json\" class=\"yoast-schema-graph\">{\"@context\":\"https:\\\/\\\/schema.org\",\"@graph\":[{\"@type\":\"WebPage\",\"@id\":\"https:\\\/\\\/parelodge.com\\\/plan-site\\\/\",\"url\":\"https:\\\/\\\/parelodge.com\\\/plan-site\\\/\",\"name\":\"Plan du site Pare Lodge - Pension Pare Lodge\",\"isPartOf\":{\"@id\":\"https:\\\/\\\/parelodge.com\\\/#website\"},\"datePublished\":\"2021-09-21T21:23:19+00:00\",\"dateModified\":\"2021-11-19T19:48:47+00:00\",\"breadcrumb\":{\"@id\":\"https:\\\/\\\/parelodge.com\\\/plan-site\\\/#breadcrumb\"},\"inLanguage\":\"en-US\",\"potentialAction\":[{\"@type\":\"ReadAction\",\"target\":[\"https:\\\/\\\/parelodge.com\\\/plan-site\\\/\"]}]},{\"@type\":\"BreadcrumbList\",\"@id\":\"https:\\\/\\\/parelodge.com\\\/plan-site\\\/#breadcrumb\",\"itemListElement\":[{\"@type\":\"ListItem\",\"position\":1,\"name\":\"Accueil\",\"item\":\"https:\\\/\\\/parelodge.com\\\/\"},{\"@type\":\"ListItem\",\"position\":2,\"name\":\"Plan du site Pare Lodge\"}]},{\"@type\":\"WebSite\",\"@id\":\"https:\\\/\\\/parelodge.com\\\/#website\",\"url\":\"https:\\\/\\\/parelodge.com\\\/\",\"name\":\"Pension Pare Lodge\",\"description\":\"Pension de Famille proche de Papeete\",\"publisher\":{\"@id\":\"https:\\\/\\\/parelodge.com\\\/#organization\"},\"potentialAction\":[{\"@type\":\"SearchAction\",\"target\":{\"@type\":\"EntryPoint\",\"urlTemplate\":\"https:\\\/\\\/parelodge.com\\\/?s={search_term_string}\"},\"query-input\":{\"@type\":\"PropertyValueSpecification\",\"valueRequired\":true,\"valueName\":\"search_term_string\"}}],\"inLanguage\":\"en-US\"},{\"@type\":\"Organization\",\"@id\":\"https:\\\/\\\/parelodge.com\\\/#organization\",\"name\":\"Pension Pare Lodge Tahiti\",\"url\":\"https:\\\/\\\/parelodge.com\\\/\",\"logo\":{\"@type\":\"ImageObject\",\"inLanguage\":\"en-US\",\"@id\":\"https:\\\/\\\/parelodge.com\\\/#\\\/schema\\\/logo\\\/image\\\/\",\"url\":\"https:\\\/\\\/parelodge.com\\\/wp-content\\\/uploads\\\/2021\\\/08\\\/logo-pension-pare-lodge-scaled.jpg\",\"contentUrl\":\"https:\\\/\\\/parelodge.com\\\/wp-content\\\/uploads\\\/2021\\\/08\\\/logo-pension-pare-lodge-scaled.jpg\",\"width\":2560,\"height\":2560,\"caption\":\"Pension Pare Lodge Tahiti\"},\"image\":{\"@id\":\"https:\\\/\\\/parelodge.com\\\/#\\\/schema\\\/logo\\\/image\\\/\"}}]}<\/script>\n<!-- \/ Yoast SEO plugin. -->","yoast_head_json":{"title":"Site map Pare Lodge - Pension Pare Lodge","robots":{"index":"index","follow":"follow","max-snippet":"max-snippet:-1","max-image-preview":"max-image-preview:large","max-video-preview":"max-video-preview:-1"},"canonical":"https:\/\/parelodge.com\/en\/plan-site\/","og_locale":"en_US","og_type":"article","og_title":"Plan du site Pare Lodge - Pension Pare Lodge","og_description":"D\u00e9couvrez sur cette page le Plan du site parelodge.comPages","og_url":"https:\/\/parelodge.com\/en\/plan-site\/","og_site_name":"Pension Pare Lodge","article_modified_time":"2021-11-19T19:48:47+00:00","twitter_card":"summary_large_image","twitter_misc":{"Est. reading time":"1 minute"},"schema":{"@context":"https:\/\/schema.org","@graph":[{"@type":"WebPage","@id":"https:\/\/parelodge.com\/plan-site\/","url":"https:\/\/parelodge.com\/plan-site\/","name":"Site map Pare Lodge - Pension Pare Lodge","isPartOf":{"@id":"https:\/\/parelodge.com\/#website"},"datePublished":"2021-09-21T21:23:19+00:00","dateModified":"2021-11-19T19:48:47+00:00","breadcrumb":{"@id":"https:\/\/parelodge.com\/plan-site\/#breadcrumb"},"inLanguage":"en-US","potentialAction":[{"@type":"ReadAction","target":["https:\/\/parelodge.com\/plan-site\/"]}]},{"@type":"BreadcrumbList","@id":"https:\/\/parelodge.com\/plan-site\/#breadcrumb","itemListElement":[{"@type":"ListItem","position":1,"name":"Accueil","item":"https:\/\/parelodge.com\/"},{"@type":"ListItem","position":2,"name":"Plan du site Pare Lodge"}]},{"@type":"WebSite","@id":"https:\/\/parelodge.com\/#website","url":"https:\/\/parelodge.com\/","name":"Pension Pare Lodge","description":"Guesthouse near Papeete","publisher":{"@id":"https:\/\/parelodge.com\/#organization"},"potentialAction":[{"@type":"SearchAction","target":{"@type":"EntryPoint","urlTemplate":"https:\/\/parelodge.com\/?s={search_term_string}"},"query-input":{"@type":"PropertyValueSpecification","valueRequired":true,"valueName":"search_term_string"}}],"inLanguage":"en-US"},{"@type":"Organization","@id":"https:\/\/parelodge.com\/#organization","name":"Pension Pare Lodge Tahiti","url":"https:\/\/parelodge.com\/","logo":{"@type":"ImageObject","inLanguage":"en-US","@id":"https:\/\/parelodge.com\/#\/schema\/logo\/image\/","url":"https:\/\/parelodge.com\/wp-content\/uploads\/2021\/08\/logo-pension-pare-lodge-scaled.jpg","contentUrl":"https:\/\/parelodge.com\/wp-content\/uploads\/2021\/08\/logo-pension-pare-lodge-scaled.jpg","width":2560,"height":2560,"caption":"Pension Pare Lodge Tahiti"},"image":{"@id":"https:\/\/parelodge.com\/#\/schema\/logo\/image\/"}}]}},"_links":{"self":[{"href":"https:\/\/parelodge.com\/en\/wp-json\/wp\/v2\/pages\/1932","targetHints":{"allow":["GET"]}}],"collection":[{"href":"https:\/\/parelodge.com\/en\/wp-json\/wp\/v2\/pages"}],"about":[{"href":"https:\/\/parelodge.com\/en\/wp-json\/wp\/v2\/types\/page"}],"author":[{"embeddable":true,"href":"https:\/\/parelodge.com\/en\/wp-json\/wp\/v2\/users\/1"}],"replies":[{"embeddable":true,"href":"https:\/\/parelodge.com\/en\/wp-json\/wp\/v2\/comments?post=1932"}],"version-history":[{"count":9,"href":"https:\/\/parelodge.com\/en\/wp-json\/wp\/v2\/pages\/1932\/revisions"}],"predecessor-version":[{"id":1951,"href":"https:\/\/parelodge.com\/en\/wp-json\/wp\/v2\/pages\/1932\/revisions\/1951"}],"wp:attachment":[{"href":"https:\/\/parelodge.com\/en\/wp-json\/wp\/v2\/media?parent=1932"}],"curies":[{"name":"wp","href":"https:\/\/api.w.org\/{rel}","templated":true}]}}